{"id":2196,"date":"2021-08-16T16:28:24","date_gmt":"2021-08-16T16:28:24","guid":{"rendered":"http:\/\/crescitaeducativa.com\/?page_id=2196"},"modified":"2022-07-15T16:22:38","modified_gmt":"2022-07-15T16:22:38","slug":"ricettario-personale","status":"publish","type":"page","link":"https:\/\/crescitaeducativa.com\/en\/ricettario-personale\/","title":{"rendered":"Ricettario"},"content":{"rendered":"<h2 class=\"has-text-align-left wp-block-heading\" style=\"font-size:23px\">Ricettario per i tuoi cocktails<\/h2>\n\n\n\n<p>Ogni cocktails da te creato o riprodotto trova spazio all&#8217;interno di questo ricettario che ti consente di personalizzare ogni tua &#8216;formula magica&#8217; per una piacevole serata con gli amici o una serata rilassante con te stesso.<br>Ogni ingrediente \u00e8 indispensabile, nessuno \u00e8 banale o facoltativo. <br>La trascrizione della preparazione \u00e8 fondamentale per l&#8217;ottima risuscita del tuo cocktails.<br>Riporta ogni consiglio, trucco o segreto che hai saputo acquisire per migliorare il tuo cocktails.<\/p>\n\n\n\n<div class=\"wp-block-columns alignwide are-vertically-aligned-top is-layout-flex wp-container-core-columns-is-layout-28f84493 wp-block-columns-is-layout-flex\">\n<div class=\"wp-block-column is-vertically-aligned-top is-layout-flow wp-block-column-is-layout-flow\">\n<figure class=\"wp-block-image aligncenter size-medium is-resized is-style-default\"><img decoding=\"async\" src=\"http:\/\/crescitaeducativa.com\/wp-content\/uploads\/2021\/08\/fronte-cocktaios-212x300.jpg\" alt=\"ricettario cocktails\" class=\"wp-image-2544\" width=\"-27\" height=\"-37\"\/><\/figure>\n<\/div>\n\n\n\n<div class=\"wp-block-column is-vertically-aligned-top is-layout-flow wp-block-column-is-layout-flow\"><!-- Carousel Style & Script for  gallery-69fb538ccb9cd -->\r\n\r\n<script type=\"text\/javascript\">\r\n\/\/ <![CDATA[\r\n\/* START --- Image Carousel --- *\/\r\n\r\njQuery(document).ready(function($) {\r\n\r\n    \r\n    $('.ghozylab-gallery img').each(function(i) {\r\n\r\n        $alt = $(this).attr('alt');\r\n\r\n        \/\/ Replace default title to more fancy :)\r\n        $(this).attr('alt', $alt.replace(\/-|_\/g, ' '));\r\n\r\n        $altnew = $(this).attr('alt').toLowerCase().replace(\/\\b[a-z]\/g, function(letter) {\r\n\r\n            return letter.toUpperCase();\r\n\r\n        });\r\n\r\n        $(this).attr('alt', $altnew);\r\n        \/\/ Compatibility with Zoom Lite Theme Image LazyLoad\r\n        $(this).removeAttr('data-lazy-src');\r\n\r\n    });\r\n\r\n    \r\n    $('#icppreloader-gallery-69fb538ccb9cd').fadeOut(300, function() {\r\n        $('#gallery-69fb538ccb9cd').fadeIn(300);\r\n        var slider69fb538ccb9cd = $('#gallery-69fb538ccb9cd').bxSlider({\r\n            auto: true,\r\n            pause: 6000,\r\n            autoHover: true,\r\n            moveSlides: 5,\r\n            minSlides: 5,\r\n            maxSlides: 5,\r\n            slideWidth: 180,\r\n            slideMargin: 20,\r\n            startSlide: 0,\r\n            infiniteLoop: true,\r\n            captions: true,\r\n            captionsMode: 'alt',\r\n            adaptiveHeight: true,\r\n            useCSS: false,\r\n            pager: false,\r\n            easing: 'easeOutSine',\r\n            speed: 1000,\r\n            preloadImages: 'all',\r\n            onSlideBefore: function() {\r\n                                $('#gallery-69fb538ccb9cd .bx-caption').slideUp();\r\n                            },\r\n            onSlideAfter: function($slideElement, oldIndex, newIndex) {\r\n                                slider69fb538ccb9cd.stopAuto();\r\n                slider69fb538ccb9cd.startAuto();\r\n                                $('#gallery-69fb538ccb9cd .bx-caption').slideDown();\r\n                            }\r\n        });\r\n\r\n    });\r\n});\r\n\r\n\/* END --- Image Carousel --- *\/\r\n\r\n\/\/ ]]>\r\n<\/script>\r\n\r\n<style type=\"text\/css\">\r\n.markup-gallery-69fb538ccb9cd .carousel-item img {width: 100%;margin: 0 auto;border:none !important;border-radius: 0px !important;box-shadow:none !important;}.markup-gallery-69fb538ccb9cd .bx-controls-direction a {display: none;}.markup-gallery-69fb538ccb9cd .bx-wrapper:hover .bx-controls-direction a {display: block;}.markup-gallery-69fb538ccb9cd .bx-controls-direction a { display: block !important;}.markup-gallery-69fb538ccb9cd .bx-wrapper { margin-bottom: 15px !important;}.markup-gallery-69fb538ccb9cd .bx-wrapper .bx-viewport {-moz-box-shadow: 0 0 5px #ccc;-webkit-box-shadow: 0 0 5px #ccc;box-shadow: 0 0 5px #ccc;border:  3px solid #fff;background: #fff;}1<\/style>\r\n\r\n\n\t\t<div id='icppreloader-gallery-69fb538ccb9cd' class='icpsliderpreloader'><\/div><div class='markup-gallery-69fb538ccb9cd'><div style='display:none;' id='gallery-69fb538ccb9cd' class='ghozylab-gallery galleryid-2196 gallery-size-full'><div class='carousel-item'><a   href='https:\/\/crescitaeducativa.com\/wp-content\/uploads\/2022\/07\/Ricettario-cocktail-1-3-717x1024.png'><img decoding=\"async\" width=\"700\" height=\"1000\" src=\"https:\/\/crescitaeducativa.com\/wp-content\/uploads\/image_carousel_thumbs\/Ricettario-cocktail-1-3-e1656780710405-pr6jw2wuklmyw57djq5xjsbwynzzq9r7o5ck3hdoug.png\" class=\"attachment-full size-full\" alt=\"Indice\" srcset=\"https:\/\/crescitaeducativa.com\/wp-content\/uploads\/2022\/07\/Ricettario-cocktail-1-3-e1656780710405.png 700w, https:\/\/crescitaeducativa.com\/wp-content\/uploads\/2022\/07\/Ricettario-cocktail-1-3-e1656780710405-210x300.png 210w, https:\/\/crescitaeducativa.com\/wp-content\/uploads\/2022\/07\/Ricettario-cocktail-1-3-e1656780710405-8x12.png 8w, https:\/\/crescitaeducativa.com\/wp-content\/uploads\/2022\/07\/Ricettario-cocktail-1-3-e1656780710405-600x857.png 600w\" sizes=\"(max-width: 700px) 100vw, 700px\" \/><\/a><\/div><div class='carousel-item'><a   href='https:\/\/crescitaeducativa.com\/wp-content\/uploads\/2022\/07\/Ricettario-cocktail-1-1-2-e1656780668197-717x1024.png'><img decoding=\"async\" width=\"700\" height=\"1000\" src=\"https:\/\/crescitaeducativa.com\/wp-content\/uploads\/image_carousel_thumbs\/Ricettario-cocktail-1-1-2-e1656780678473-pr6jv8u0hwhskmf2fd5vbzx5yc48vyfsw0h0qmmadk.png\" class=\"attachment-full size-full\" alt=\"Ricetta\" srcset=\"https:\/\/crescitaeducativa.com\/wp-content\/uploads\/2022\/07\/Ricettario-cocktail-1-1-2-e1656780678473.png 700w, https:\/\/crescitaeducativa.com\/wp-content\/uploads\/2022\/07\/Ricettario-cocktail-1-1-2-e1656780678473-210x300.png 210w, https:\/\/crescitaeducativa.com\/wp-content\/uploads\/2022\/07\/Ricettario-cocktail-1-1-2-e1656780678473-8x12.png 8w, https:\/\/crescitaeducativa.com\/wp-content\/uploads\/2022\/07\/Ricettario-cocktail-1-1-2-e1656780678473-600x857.png 600w\" sizes=\"(max-width: 700px) 100vw, 700px\" \/><\/a><\/div>\r\n\t\t<\/div><\/div>\n<\/div>\n\n\n\n<div class=\"wp-block-column is-vertically-aligned-top is-layout-flow wp-block-column-is-layout-flow\">\n<p>Il ricettario \u00e8 composto da:<\/p>\n\n\n\n<p>\u270e4 pagine indice<br>\u270e96 pagine di ricette<br>\u270e2 pagine elenco strumenti e bicchieri appropriati<br>\u270e3 pagine di consigli<br>\u270e Dimensioni 17x25cm<br><\/p>\n\n\n\n<div class=\"wp-block-buttons is-layout-flex wp-block-buttons-is-layout-flex\">\n<div class=\"wp-block-button aligncenter has-custom-font-size is-style-fill has-normal-font-size\"><a class=\"wp-block-button__link has-ast-global-color-5-color has-text-color has-background\" href=\"https:\/\/amzn.to\/3IctK7n\" style=\"background:linear-gradient(0deg,rgb(2,3,129) 0%,rgb(40,116,252) 100%)\" target=\"_blank\" rel=\"noreferrer noopener\">acquista su amazon.it<\/a><\/div>\n<\/div>\n<\/div>\n<\/div>\n\n\n\n<h1 class=\"has-text-align-left wp-block-heading\" style=\"font-size:23px\">Ricettario personale<\/h1>\n\n\n\n<p>\ud835\udce1\ud835\udcf2\ud835\udcec\ud835\udcee\ud835\udcfd\ud835\udcfd\ud835\udcea\ud835\udcfb\ud835\udcf2\ud835\udcf8 \ud835\udcf9\ud835\udcee\ud835\udcfb \ud835\udcea\ud835\udcf7\ud835\udcf7\ud835\udcf8\ud835\udcfd\ud835\udcea\ud835\udcfb\ud835\udcee \ud835\udcf5\ud835\udcee \ud835\udcff\ud835\udcf8\ud835\udcfc\ud835\udcfd\ud835\udcfb\ud835\udcee \ud835\udcfb\ud835\udcf2\ud835\udcec\ud835\udcee\ud835\udcfd\ud835\udcfd\ud835\udcee <img decoding=\"async\" height=\"16\" width=\"16\" src=\"https:\/\/static.xx.fbcdn.net\/images\/emoji.php\/v9\/t2f\/1\/16\/2668.png\" alt=\"\u2668\"><img decoding=\"async\" height=\"16\" width=\"16\" src=\"https:\/\/static.xx.fbcdn.net\/images\/emoji.php\/v9\/t15\/1\/16\/1f49b.png\" alt=\"\ud83d\udc9b\"> <br>Rendi ogni tua ricetta personale ed unica: Per una cenetta intima o da condividere con tutta la famiglia.<br>Dopo una giornata di lavoro, di corse per incastrare tutti gli impegni, \u00e8 appagante dedicarti al piacere della cucina, specialmente se il momento lo condividi con chi ti \u00e8 pi\u00f9 caro, annota ogni variazione o consiglio faranno del tuo piatto un momento da ricordare nel tempo. <br>Siediti a tavola e gustati la tua creazione.<\/p>\n\n\n\n<div class=\"wp-block-columns is-layout-flex wp-container-core-columns-is-layout-28f84493 wp-block-columns-is-layout-flex\">\n<div class=\"wp-block-column is-layout-flow wp-block-column-is-layout-flow\">\n<div class=\"wp-block-columns is-layout-flex wp-container-core-columns-is-layout-28f84493 wp-block-columns-is-layout-flex\">\n<div class=\"wp-block-column is-layout-flow wp-block-column-is-layout-flow\">\n<figure class=\"wp-block-image aligncenter size-large is-resized is-style-default\"><img decoding=\"async\" src=\"http:\/\/crescitaeducativa.com\/wp-content\/uploads\/2021\/11\/17x25-ricettario-14.497-x-10.25-in-755x1024.jpg\" alt=\"Ricettario personale\" class=\"wp-image-2797\" width=\"179\" height=\"242\"\/><figcaption>medio 17x25cm<br><\/figcaption><\/figure>\n\n\n\n<div class=\"wp-block-buttons is-content-justification-center is-layout-flex wp-container-core-buttons-is-layout-a89b3969 wp-block-buttons-is-layout-flex\">\n<div class=\"wp-block-button has-custom-font-size is-style-outline has-normal-font-size is-style-outline--1\"><a class=\"wp-block-button__link has-ast-global-color-5-color has-text-color has-background\" href=\"https:\/\/amzn.to\/3ulzWnU\" style=\"background:linear-gradient(0deg,rgb(2,3,129) 0%,rgb(40,116,252) 100%)\" target=\"_blank\" rel=\"noreferrer noopener\">Acquista su amazon.it<\/a><\/div>\n<\/div>\n<\/div>\n\n\n\n<div class=\"wp-block-column is-layout-flow wp-block-column-is-layout-flow\">\n<figure class=\"wp-block-image aligncenter size-large is-resized is-style-default\"><img decoding=\"async\" src=\"http:\/\/crescitaeducativa.com\/wp-content\/uploads\/2021\/10\/ricettario-bimbi-12.49-x-9.25-in-715x1024.jpg\" alt=\"Ricettario personale\" class=\"wp-image-2725\" width=\"171\" height=\"243\"\/><figcaption>piccolo 15x24cm<br><\/figcaption><\/figure>\n\n\n\n<div class=\"wp-block-buttons is-content-justification-center is-layout-flex wp-container-core-buttons-is-layout-a89b3969 wp-block-buttons-is-layout-flex\">\n<div class=\"wp-block-button has-custom-font-size is-style-outline has-normal-font-size is-style-outline--2\"><a class=\"wp-block-button__link has-ast-global-color-5-color has-text-color has-background\" href=\"https:\/\/amzn.to\/3AkyIgu\" style=\"background:linear-gradient(0deg,rgb(2,3,129) 0%,rgb(40,116,252) 100%)\" target=\"_blank\" rel=\"noreferrer noopener\">Acquista su amazon.it<\/a><\/div>\n<\/div>\n<\/div>\n<\/div>\n<\/div>\n\n\n\n<div class=\"wp-block-column is-layout-flow wp-block-column-is-layout-flow\">\n<figure class=\"wp-block-image size-large is-resized is-style-default\"><img decoding=\"async\" src=\"http:\/\/crescitaeducativa.com\/wp-content\/uploads\/2022\/07\/ricettario-1-1024x1024.png\" alt=\"Ricettario personalizzabile\" class=\"wp-image-4428\" width=\"300\" height=\"300\" srcset=\"https:\/\/crescitaeducativa.com\/wp-content\/uploads\/2022\/07\/ricettario-1-1024x1024.png 1024w, https:\/\/crescitaeducativa.com\/wp-content\/uploads\/2022\/07\/ricettario-1-300x300.png 300w, https:\/\/crescitaeducativa.com\/wp-content\/uploads\/2022\/07\/ricettario-1-150x150.png 150w, https:\/\/crescitaeducativa.com\/wp-content\/uploads\/2022\/07\/ricettario-1-1536x1536.png 1536w, https:\/\/crescitaeducativa.com\/wp-content\/uploads\/2022\/07\/ricettario-1-2048x2048.png 2048w, https:\/\/crescitaeducativa.com\/wp-content\/uploads\/2022\/07\/ricettario-1-100x100.png 100w\" sizes=\"(max-width: 300px) 100vw, 300px\" \/><\/figure>\n<\/div>\n<\/div>\n\n\n\n<p>\u270eRicettario facile ed intuitivo per annotare fino a 100 ricette di famiglia.<br>\u270eNelle prime pagine \u00e8 presente un indice, del ricettario, da completare.<br>\u270eLe 100 pagine di annotazione ti consentono di riportare in dettaglio ogni tua ricetta. <br><\/p>\n\n\n\n<p><\/p>","protected":false},"excerpt":{"rendered":"<p>Ricettario per i tuoi cocktails Ogni cocktails da te creato o riprodotto trova spazio all&#8217;interno di questo ricettario che ti consente di personalizzare ogni tua &#8216;formula magica&#8217; per una piacevole serata con gli amici o una serata rilassante con te stesso.Ogni ingrediente \u00e8 indispensabile, nessuno \u00e8 banale o facoltativo. La trascrizione della preparazione \u00e8 fondamentale [&hellip;]<\/p>","protected":false},"author":1,"featured_media":0,"parent":0,"menu_order":0,"comment_status":"closed","ping_status":"closed","template":"","meta":{"_monsterinsights_skip_tracking":false,"_monsterinsights_sitenote_active":false,"_monsterinsights_sitenote_note":"","_monsterinsights_sitenote_category":0,"site-sidebar-layout":"default","site-content-layout":"default","ast-site-content-layout":"default","site-content-style":"default","site-sidebar-style":"default","ast-global-header-display":"","ast-banner-title-visibility":"","ast-main-header-display":"","ast-hfb-above-header-display":"","ast-hfb-below-header-display":"","ast-hfb-mobile-header-display":"","site-post-title":"disabled","ast-breadcrumbs-content":"","ast-featured-img":"","footer-sml-layout":"","ast-disable-related-posts":"","theme-transparent-header-meta":"default","adv-header-id-meta":"","stick-header-meta":"","header-above-stick-meta":"","header-main-stick-meta":"","header-below-stick-meta":"","astra-migrate-meta-layouts":"default","ast-page-background-enabled":"default","ast-page-background-meta":{"desktop":{"background-color":"","background-image":"","background-repeat":"repeat","background-position":"center center","background-size":"auto","background-attachment":"scroll","background-type":"","background-media":"","overlay-type":"","overlay-color":"","overlay-opacity":"","overlay-gradient":""},"tablet":{"background-color":"","background-image":"","background-repeat":"repeat","background-position":"center center","background-size":"auto","background-attachment":"scroll","background-type":"","background-media":"","overlay-type":"","overlay-color":"","overlay-opacity":"","overlay-gradient":""},"mobile":{"background-color":"","background-image":"","background-repeat":"repeat","background-position":"center center","background-size":"auto","background-attachment":"scroll","background-type":"","background-media":"","overlay-type":"","overlay-color":"","overlay-opacity":"","overlay-gradient":""}},"ast-content-background-meta":{"desktop":{"background-color":"var(--ast-global-color-5)","background-image":"","background-repeat":"repeat","background-position":"center center","background-size":"auto","background-attachment":"scroll","background-type":"","background-media":"","overlay-type":"","overlay-color":"","overlay-opacity":"","overlay-gradient":""},"tablet":{"background-color":"var(--ast-global-color-5)","background-image":"","background-repeat":"repeat","background-position":"center center","background-size":"auto","background-attachment":"scroll","background-type":"","background-media":"","overlay-type":"","overlay-color":"","overlay-opacity":"","overlay-gradient":""},"mobile":{"background-color":"var(--ast-global-color-5)","background-image":"","background-repeat":"repeat","background-position":"center center","background-size":"auto","background-attachment":"scroll","background-type":"","background-media":"","overlay-type":"","overlay-color":"","overlay-opacity":"","overlay-gradient":""}},"footnotes":""},"class_list":["post-2196","page","type-page","status-publish","hentry"],"yoast_head":"<!-- This site is optimized with the Yoast SEO plugin v27.5 - https:\/\/yoast.com\/product\/yoast-seo-wordpress\/ -->\n<title>Ricettario - Crescita Educativa Ricettario personalizzato personale<\/title>\n<meta name=\"description\" content=\"Ricettario per rendere ogni tua ricetta personale ed unica, per una cenetta intima tra amici o con tutta la famiglia, conclusa con cocktails\" \/>\n<meta name=\"robots\" content=\"index, follow, max-snippet:-1, max-image-preview:large, max-video-preview:-1\" \/>\n<link rel=\"canonical\" href=\"https:\/\/crescitaeducativa.com\/en\/ricettario-personale\/\" \/>\n<meta property=\"og:locale\" content=\"en_GB\" \/>\n<meta property=\"og:type\" content=\"article\" \/>\n<meta property=\"og:title\" content=\"Ricettario - Crescita Educativa Ricettario personalizzato personale\" \/>\n<meta property=\"og:description\" content=\"Ricettario per rendere ogni tua ricetta personale ed unica, per una cenetta intima tra amici o con tutta la famiglia, conclusa con cocktails\" \/>\n<meta property=\"og:url\" content=\"https:\/\/crescitaeducativa.com\/en\/ricettario-personale\/\" \/>\n<meta property=\"og:site_name\" content=\"Crescita Educativa\" \/>\n<meta property=\"article:publisher\" content=\"https:\/\/www.facebook.com\/profile.php?id=100071319623794\" \/>\n<meta property=\"article:modified_time\" content=\"2022-07-15T16:22:38+00:00\" \/>\n<meta property=\"og:image\" content=\"https:\/\/crescitaeducativa.com\/wp-content\/uploads\/2022\/07\/Ricettario-cocktail-1-1-2-e1656780678473-150x150.png\" \/>\n<meta name=\"twitter:card\" content=\"summary_large_image\" \/>\n<meta name=\"twitter:label1\" content=\"Estimated reading time\" \/>\n\t<meta name=\"twitter:data1\" content=\"3 minutes\" \/>\n<script type=\"application\/ld+json\" class=\"yoast-schema-graph\">{\"@context\":\"https:\\\/\\\/schema.org\",\"@graph\":[{\"@type\":\"WebPage\",\"@id\":\"https:\\\/\\\/crescitaeducativa.com\\\/en\\\/ricettario-personale\\\/\",\"url\":\"https:\\\/\\\/crescitaeducativa.com\\\/en\\\/ricettario-personale\\\/\",\"name\":\"Ricettario - Crescita Educativa Ricettario personalizzato personale\",\"isPartOf\":{\"@id\":\"http:\\\/\\\/crescitaeducativa.com\\\/it_it\\\/#website\"},\"primaryImageOfPage\":{\"@id\":\"https:\\\/\\\/crescitaeducativa.com\\\/en\\\/ricettario-personale\\\/#primaryimage\"},\"image\":{\"@id\":\"https:\\\/\\\/crescitaeducativa.com\\\/en\\\/ricettario-personale\\\/#primaryimage\"},\"thumbnailUrl\":\"http:\\\/\\\/crescitaeducativa.com\\\/wp-content\\\/uploads\\\/2021\\\/08\\\/fronte-cocktaios-212x300.jpg\",\"datePublished\":\"2021-08-16T16:28:24+00:00\",\"dateModified\":\"2022-07-15T16:22:38+00:00\",\"description\":\"Ricettario per rendere ogni tua ricetta personale ed unica, per una cenetta intima tra amici o con tutta la famiglia, conclusa con cocktails\",\"breadcrumb\":{\"@id\":\"https:\\\/\\\/crescitaeducativa.com\\\/en\\\/ricettario-personale\\\/#breadcrumb\"},\"inLanguage\":\"en-GB\",\"potentialAction\":[{\"@type\":\"ReadAction\",\"target\":[\"https:\\\/\\\/crescitaeducativa.com\\\/en\\\/ricettario-personale\\\/\"]}]},{\"@type\":\"ImageObject\",\"inLanguage\":\"en-GB\",\"@id\":\"https:\\\/\\\/crescitaeducativa.com\\\/en\\\/ricettario-personale\\\/#primaryimage\",\"url\":\"http:\\\/\\\/crescitaeducativa.com\\\/wp-content\\\/uploads\\\/2021\\\/08\\\/fronte-cocktaios-212x300.jpg\",\"contentUrl\":\"http:\\\/\\\/crescitaeducativa.com\\\/wp-content\\\/uploads\\\/2021\\\/08\\\/fronte-cocktaios-212x300.jpg\"},{\"@type\":\"BreadcrumbList\",\"@id\":\"https:\\\/\\\/crescitaeducativa.com\\\/en\\\/ricettario-personale\\\/#breadcrumb\",\"itemListElement\":[{\"@type\":\"ListItem\",\"position\":1,\"name\":\"Home\",\"item\":\"http:\\\/\\\/crescitaeducativa.com\\\/it_it\\\/\"},{\"@type\":\"ListItem\",\"position\":2,\"name\":\"Ricettario\"}]},{\"@type\":\"WebSite\",\"@id\":\"http:\\\/\\\/crescitaeducativa.com\\\/it_it\\\/#website\",\"url\":\"http:\\\/\\\/crescitaeducativa.com\\\/it_it\\\/\",\"name\":\"Crescita Educativa\",\"description\":\"Strategie per un aiuto quotidiano\",\"publisher\":{\"@id\":\"http:\\\/\\\/crescitaeducativa.com\\\/it_it\\\/#\\\/schema\\\/person\\\/2caf1143147e626ad401aa3c9efb597f\"},\"potentialAction\":[{\"@type\":\"SearchAction\",\"target\":{\"@type\":\"EntryPoint\",\"urlTemplate\":\"http:\\\/\\\/crescitaeducativa.com\\\/it_it\\\/?s={search_term_string}\"},\"query-input\":{\"@type\":\"PropertyValueSpecification\",\"valueRequired\":true,\"valueName\":\"search_term_string\"}}],\"inLanguage\":\"en-GB\"},{\"@type\":[\"Person\",\"Organization\"],\"@id\":\"http:\\\/\\\/crescitaeducativa.com\\\/it_it\\\/#\\\/schema\\\/person\\\/2caf1143147e626ad401aa3c9efb597f\",\"name\":\"Daniele\",\"image\":{\"@type\":\"ImageObject\",\"inLanguage\":\"en-GB\",\"@id\":\"http:\\\/\\\/crescitaeducativa.com\\\/wp-content\\\/uploads\\\/2022\\\/06\\\/logo-finale-e1656349825223.png\",\"url\":\"http:\\\/\\\/crescitaeducativa.com\\\/wp-content\\\/uploads\\\/2022\\\/06\\\/logo-finale-e1656349825223.png\",\"contentUrl\":\"http:\\\/\\\/crescitaeducativa.com\\\/wp-content\\\/uploads\\\/2022\\\/06\\\/logo-finale-e1656349825223.png\",\"width\":340,\"height\":199,\"caption\":\"Daniele\"},\"logo\":{\"@id\":\"http:\\\/\\\/crescitaeducativa.com\\\/wp-content\\\/uploads\\\/2022\\\/06\\\/logo-finale-e1656349825223.png\"},\"sameAs\":[\"http:\\\/\\\/crescitaeducativa.com\\\/\",\"https:\\\/\\\/www.facebook.com\\\/profile.php?id=100071319623794\"]}]}<\/script>\n<!-- \/ Yoast SEO plugin. -->","yoast_head_json":{"title":"Ricettario - Crescita Educativa Ricettario personalizzato personale","description":"Ricettario per rendere ogni tua ricetta personale ed unica, per una cenetta intima tra amici o con tutta la famiglia, conclusa con cocktails","robots":{"index":"index","follow":"follow","max-snippet":"max-snippet:-1","max-image-preview":"max-image-preview:large","max-video-preview":"max-video-preview:-1"},"canonical":"https:\/\/crescitaeducativa.com\/en\/ricettario-personale\/","og_locale":"en_GB","og_type":"article","og_title":"Ricettario - Crescita Educativa Ricettario personalizzato personale","og_description":"Ricettario per rendere ogni tua ricetta personale ed unica, per una cenetta intima tra amici o con tutta la famiglia, conclusa con cocktails","og_url":"https:\/\/crescitaeducativa.com\/en\/ricettario-personale\/","og_site_name":"Crescita Educativa","article_publisher":"https:\/\/www.facebook.com\/profile.php?id=100071319623794","article_modified_time":"2022-07-15T16:22:38+00:00","og_image":[{"url":"https:\/\/crescitaeducativa.com\/wp-content\/uploads\/2022\/07\/Ricettario-cocktail-1-1-2-e1656780678473-150x150.png","type":"","width":"","height":""}],"twitter_card":"summary_large_image","twitter_misc":{"Estimated reading time":"3 minutes"},"schema":{"@context":"https:\/\/schema.org","@graph":[{"@type":"WebPage","@id":"https:\/\/crescitaeducativa.com\/en\/ricettario-personale\/","url":"https:\/\/crescitaeducativa.com\/en\/ricettario-personale\/","name":"Ricettario - Crescita Educativa Ricettario personalizzato personale","isPartOf":{"@id":"http:\/\/crescitaeducativa.com\/it_it\/#website"},"primaryImageOfPage":{"@id":"https:\/\/crescitaeducativa.com\/en\/ricettario-personale\/#primaryimage"},"image":{"@id":"https:\/\/crescitaeducativa.com\/en\/ricettario-personale\/#primaryimage"},"thumbnailUrl":"http:\/\/crescitaeducativa.com\/wp-content\/uploads\/2021\/08\/fronte-cocktaios-212x300.jpg","datePublished":"2021-08-16T16:28:24+00:00","dateModified":"2022-07-15T16:22:38+00:00","description":"Ricettario per rendere ogni tua ricetta personale ed unica, per una cenetta intima tra amici o con tutta la famiglia, conclusa con cocktails","breadcrumb":{"@id":"https:\/\/crescitaeducativa.com\/en\/ricettario-personale\/#breadcrumb"},"inLanguage":"en-GB","potentialAction":[{"@type":"ReadAction","target":["https:\/\/crescitaeducativa.com\/en\/ricettario-personale\/"]}]},{"@type":"ImageObject","inLanguage":"en-GB","@id":"https:\/\/crescitaeducativa.com\/en\/ricettario-personale\/#primaryimage","url":"http:\/\/crescitaeducativa.com\/wp-content\/uploads\/2021\/08\/fronte-cocktaios-212x300.jpg","contentUrl":"http:\/\/crescitaeducativa.com\/wp-content\/uploads\/2021\/08\/fronte-cocktaios-212x300.jpg"},{"@type":"BreadcrumbList","@id":"https:\/\/crescitaeducativa.com\/en\/ricettario-personale\/#breadcrumb","itemListElement":[{"@type":"ListItem","position":1,"name":"Home","item":"http:\/\/crescitaeducativa.com\/it_it\/"},{"@type":"ListItem","position":2,"name":"Ricettario"}]},{"@type":"WebSite","@id":"http:\/\/crescitaeducativa.com\/it_it\/#website","url":"http:\/\/crescitaeducativa.com\/it_it\/","name":"Crescita Educativa","description":"Strategie per un aiuto quotidiano","publisher":{"@id":"http:\/\/crescitaeducativa.com\/it_it\/#\/schema\/person\/2caf1143147e626ad401aa3c9efb597f"},"potentialAction":[{"@type":"SearchAction","target":{"@type":"EntryPoint","urlTemplate":"http:\/\/crescitaeducativa.com\/it_it\/?s={search_term_string}"},"query-input":{"@type":"PropertyValueSpecification","valueRequired":true,"valueName":"search_term_string"}}],"inLanguage":"en-GB"},{"@type":["Person","Organization"],"@id":"http:\/\/crescitaeducativa.com\/it_it\/#\/schema\/person\/2caf1143147e626ad401aa3c9efb597f","name":"Daniele","image":{"@type":"ImageObject","inLanguage":"en-GB","@id":"http:\/\/crescitaeducativa.com\/wp-content\/uploads\/2022\/06\/logo-finale-e1656349825223.png","url":"http:\/\/crescitaeducativa.com\/wp-content\/uploads\/2022\/06\/logo-finale-e1656349825223.png","contentUrl":"http:\/\/crescitaeducativa.com\/wp-content\/uploads\/2022\/06\/logo-finale-e1656349825223.png","width":340,"height":199,"caption":"Daniele"},"logo":{"@id":"http:\/\/crescitaeducativa.com\/wp-content\/uploads\/2022\/06\/logo-finale-e1656349825223.png"},"sameAs":["http:\/\/crescitaeducativa.com\/","https:\/\/www.facebook.com\/profile.php?id=100071319623794"]}]}},"_links":{"self":[{"href":"https:\/\/crescitaeducativa.com\/en\/wp-json\/wp\/v2\/pages\/2196","targetHints":{"allow":["GET"]}}],"collection":[{"href":"https:\/\/crescitaeducativa.com\/en\/wp-json\/wp\/v2\/pages"}],"about":[{"href":"https:\/\/crescitaeducativa.com\/en\/wp-json\/wp\/v2\/types\/page"}],"author":[{"embeddable":true,"href":"https:\/\/crescitaeducativa.com\/en\/wp-json\/wp\/v2\/users\/1"}],"replies":[{"embeddable":true,"href":"https:\/\/crescitaeducativa.com\/en\/wp-json\/wp\/v2\/comments?post=2196"}],"version-history":[{"count":47,"href":"https:\/\/crescitaeducativa.com\/en\/wp-json\/wp\/v2\/pages\/2196\/revisions"}],"predecessor-version":[{"id":4438,"href":"https:\/\/crescitaeducativa.com\/en\/wp-json\/wp\/v2\/pages\/2196\/revisions\/4438"}],"wp:attachment":[{"href":"https:\/\/crescitaeducativa.com\/en\/wp-json\/wp\/v2\/media?parent=2196"}],"curies":[{"name":"wp","href":"https:\/\/api.w.org\/{rel}","templated":true}]}}