{"id":2868,"date":"2021-11-26T11:31:12","date_gmt":"2021-11-26T11:31:12","guid":{"rendered":"http:\/\/crescitaeducativa.com\/?page_id=2868"},"modified":"2022-07-27T10:14:23","modified_gmt":"2022-07-27T10:14:23","slug":"libri-2","status":"publish","type":"page","link":"https:\/\/crescitaeducativa.com\/en\/libri-2\/","title":{"rendered":"Colora e gioca Natale"},"content":{"rendered":"<h2 class=\"wp-block-heading\" style=\"font-size:23px\">Colora e gioca Natale<\/h2>\n\n\n\n<div class=\"wp-block-columns is-layout-flex wp-container-core-columns-is-layout-28f84493 wp-block-columns-is-layout-flex\">\n<div class=\"wp-block-column is-layout-flow wp-block-column-is-layout-flow\">\n<ul class=\"wp-block-list\" id=\"block-c807a82d-4690-457e-8784-51b06383a79c\"><li><strong>Lingua: \u200e\u00a0<\/strong>Italiano<\/li><li>Copertina flessibile: <strong>\u200e\u00a0<\/strong>102 pagine<\/li><li><strong>Colore: bianco<\/strong> e nero<\/li><li>Peso articolo<strong>: \u200e\u00a0<\/strong>327 g<\/li><li><strong>Dimensioni : \u200e\u00a0<\/strong>21.59 x 27.94 cm<\/li><li>Disegni: su singola pagina<\/li><\/ul>\n<\/div>\n\n\n\n<div class=\"wp-block-column is-layout-flow wp-block-column-is-layout-flow\"><\/div>\n<\/div>\n\n\n\n<div class=\"wp-block-columns is-layout-flex wp-container-core-columns-is-layout-28f84493 wp-block-columns-is-layout-flex\">\n<div class=\"wp-block-column is-vertically-aligned-top is-layout-flow wp-block-column-is-layout-flow\">\n<figure class=\"wp-block-image size-large is-style-default\"><img decoding=\"async\" width=\"778\" height=\"1024\" src=\"http:\/\/crescitaeducativa.com\/wp-content\/uploads\/2021\/11\/cover-natale-2-778x1024.jpg\" alt=\"\" class=\"wp-image-2937\"\/><\/figure>\n\n\n\n<p class=\"has-text-align-center\">Copertina<\/p>\n<\/div>\n\n\n\n<div class=\"wp-block-column is-layout-flow wp-block-column-is-layout-flow\">\n<figure class=\"wp-block-image aligncenter size-large is-style-default\"><img decoding=\"async\" width=\"791\" height=\"1024\" src=\"http:\/\/crescitaeducativa.com\/wp-content\/uploads\/2021\/11\/4c2d713739477b2cd280cf9055eaaa64-1-791x1024.jpg\" alt=\"\" class=\"wp-image-2944\" srcset=\"https:\/\/crescitaeducativa.com\/wp-content\/uploads\/2021\/11\/4c2d713739477b2cd280cf9055eaaa64-1-791x1024.jpg 791w, https:\/\/crescitaeducativa.com\/wp-content\/uploads\/2021\/11\/4c2d713739477b2cd280cf9055eaaa64-1-600x776.jpg 600w, https:\/\/crescitaeducativa.com\/wp-content\/uploads\/2021\/11\/4c2d713739477b2cd280cf9055eaaa64-1-232x300.jpg 232w, https:\/\/crescitaeducativa.com\/wp-content\/uploads\/2021\/11\/4c2d713739477b2cd280cf9055eaaa64-1-768x994.jpg 768w, https:\/\/crescitaeducativa.com\/wp-content\/uploads\/2021\/11\/4c2d713739477b2cd280cf9055eaaa64-1-1187x1536.jpg 1187w, https:\/\/crescitaeducativa.com\/wp-content\/uploads\/2021\/11\/4c2d713739477b2cd280cf9055eaaa64-1-1583x2048.jpg 1583w, https:\/\/crescitaeducativa.com\/wp-content\/uploads\/2021\/11\/4c2d713739477b2cd280cf9055eaaa64-1-9x12.jpg 9w, https:\/\/crescitaeducativa.com\/wp-content\/uploads\/2021\/11\/4c2d713739477b2cd280cf9055eaaa64-1.jpg 1700w\" sizes=\"(max-width: 791px) 100vw, 791px\" \/><figcaption>Indice<\/figcaption><\/figure>\n<\/div>\n\n\n\n<div class=\"wp-block-column is-layout-flow wp-block-column-is-layout-flow\">\n<p>Il periodo pi\u00f9 magico dell&#8217;anno unito alla voglia dei bambini di crescere nelle abilit\u00e0 divertendosi. \u00c8 cos\u00ec che nasce questo libro ricco di giochi e disegni da colorare frutto di una ricerca di mercato sulle richieste espresse dai bambini.<\/p>\n\n\n\n<p>Vendita esclusiva su amazon.it<\/p>\n\n\n\n<div class=\"wp-block-buttons is-layout-flex wp-block-buttons-is-layout-flex\">\n<div class=\"wp-block-button has-custom-font-size has-normal-font-size\"><a class=\"wp-block-button__link has-ast-global-color-5-color has-text-color has-background\" href=\"http:\/\/crescitaeducativa.com\/en\/colora-e-gioca-natale-2\/\" style=\"background:linear-gradient(0deg,rgba(252,185,0,1) 0%,rgba(255,105,0,1) 100%)\">Gallery<\/a><\/div>\n\n\n\n<div class=\"wp-block-button has-custom-font-size is-style-outline has-normal-font-size is-style-outline--1\"><a class=\"wp-block-button__link has-ast-global-color-5-color has-text-color has-background\" href=\"https:\/\/www.amazon.it\/dp\/B09M2XQ9R1\" style=\"background:linear-gradient(0deg,rgb(2,3,129) 0%,rgb(40,116,252) 100%)\" target=\"_blank\" rel=\"noreferrer noopener\">Acquista<\/a><\/div>\n<\/div>\n<\/div>\n<\/div>\n\n\n\n<h2 class=\"wp-block-heading\" style=\"font-size:23px\">Colora Natale<\/h2>\n\n\n\n<div class=\"wp-block-columns is-layout-flex wp-container-core-columns-is-layout-28f84493 wp-block-columns-is-layout-flex\">\n<div class=\"wp-block-column is-layout-flow wp-block-column-is-layout-flow\">\n<ul class=\"wp-block-list\"><li>L<strong>ingua \u200f : \u200e\u00a0<\/strong>Italiano<\/li><li>Copertina flessibile \u200f : <strong>\u200e\u00a0<\/strong>76 pagine<\/li><li><strong>Peso articolo \u200f : \u200e\u00a0<\/strong>254 g<\/li><li>Dimensioni \u200f : <strong>\u200e\u00a0<\/strong>21.59 x 27.94 cm<\/li><li><strong>Colore:<\/strong> a colori<\/li><li>Disegni: su singola pagina<\/li><\/ul>\n<\/div>\n\n\n\n<div class=\"wp-block-column is-layout-flow wp-block-column-is-layout-flow\"><\/div>\n<\/div>\n\n\n\n<div class=\"wp-block-columns is-layout-flex wp-container-core-columns-is-layout-28f84493 wp-block-columns-is-layout-flex\">\n<div class=\"wp-block-column is-layout-flow wp-block-column-is-layout-flow\">\n<figure class=\"wp-block-image aligncenter size-large is-style-default\"><img decoding=\"async\" width=\"785\" height=\"1024\" src=\"http:\/\/crescitaeducativa.com\/wp-content\/uploads\/2021\/12\/cover-natale-BIMBI-17.428-x-11.25-in-1-785x1024.jpg\" alt=\"\" class=\"wp-image-3011\"\/><figcaption>Copertina<\/figcaption><\/figure>\n<\/div>\n\n\n\n<div class=\"wp-block-column is-layout-flow wp-block-column-is-layout-flow\">\n<figure class=\"wp-block-image aligncenter size-large is-style-default\"><img decoding=\"async\" width=\"791\" height=\"1024\" src=\"http:\/\/crescitaeducativa.com\/wp-content\/uploads\/2021\/12\/eec46476a28971fb2dc2e3c0b58b3f90-2-1-791x1024.jpg\" alt=\"\" class=\"wp-image-3013\" srcset=\"https:\/\/crescitaeducativa.com\/wp-content\/uploads\/2021\/12\/eec46476a28971fb2dc2e3c0b58b3f90-2-1-791x1024.jpg 791w, https:\/\/crescitaeducativa.com\/wp-content\/uploads\/2021\/12\/eec46476a28971fb2dc2e3c0b58b3f90-2-1-600x776.jpg 600w, https:\/\/crescitaeducativa.com\/wp-content\/uploads\/2021\/12\/eec46476a28971fb2dc2e3c0b58b3f90-2-1-232x300.jpg 232w, https:\/\/crescitaeducativa.com\/wp-content\/uploads\/2021\/12\/eec46476a28971fb2dc2e3c0b58b3f90-2-1-768x994.jpg 768w, https:\/\/crescitaeducativa.com\/wp-content\/uploads\/2021\/12\/eec46476a28971fb2dc2e3c0b58b3f90-2-1-1187x1536.jpg 1187w, https:\/\/crescitaeducativa.com\/wp-content\/uploads\/2021\/12\/eec46476a28971fb2dc2e3c0b58b3f90-2-1-1583x2048.jpg 1583w, https:\/\/crescitaeducativa.com\/wp-content\/uploads\/2021\/12\/eec46476a28971fb2dc2e3c0b58b3f90-2-1-9x12.jpg 9w, https:\/\/crescitaeducativa.com\/wp-content\/uploads\/2021\/12\/eec46476a28971fb2dc2e3c0b58b3f90-2-1.jpg 1700w\" sizes=\"(max-width: 791px) 100vw, 791px\" \/><figcaption>Pagina di esempio<\/figcaption><\/figure>\n\n\n\n<p><\/p>\n<\/div>\n\n\n\n<div class=\"wp-block-column is-layout-flow wp-block-column-is-layout-flow\">\n<p>Benvenuti nel nuovo libro dedicato al natale.<br>Il libro \u00e8 creato per un primo approccio al natale e agli oggetti che lo rappresentano.<br>Ogni disegno presente in questo libro \u00e8 stato creato con linee morbide e marcate. I disegni sono colorati con colori semplici e ripetitivi.<br>Adatto a tutti i bambini che hanno necessit\u00e0 di una guida o di imitare il disegno base.<\/p>\n\n\n\n<div class=\"wp-block-buttons is-layout-flex wp-block-buttons-is-layout-flex\">\n<div class=\"wp-block-button has-custom-font-size has-normal-font-size\"><a class=\"wp-block-button__link has-ast-global-color-5-color has-text-color has-background\" style=\"background:linear-gradient(0deg,rgba(252,185,0,1) 0%,rgba(255,105,0,1) 100%)\">Gallery<\/a><\/div>\n\n\n\n<div class=\"wp-block-button has-custom-font-size is-style-outline has-normal-font-size is-style-outline--2\"><a class=\"wp-block-button__link has-ast-global-color-5-color has-text-color has-background\" href=\"https:\/\/www.amazon.it\/dp\/B09MYXS9KK\" style=\"background:linear-gradient(0deg,rgb(2,3,129) 0%,rgb(40,116,252) 100%)\" target=\"_blank\" rel=\"noreferrer noopener\">Acquista<\/a><\/div>\n<\/div>\n<\/div>\n<\/div>","protected":false},"excerpt":{"rendered":"<p>Colora e gioca Natale Lingua: \u200e\u00a0Italiano Copertina flessibile: \u200e\u00a0102 pagine Colore: bianco e nero Peso articolo: \u200e\u00a0327 g Dimensioni : \u200e\u00a021.59 x 27.94 cm Disegni: su singola pagina Copertina Il periodo pi\u00f9 magico dell&#8217;anno unito alla voglia dei bambini di crescere nelle abilit\u00e0 divertendosi. \u00c8 cos\u00ec che nasce questo libro ricco di giochi e disegni [&hellip;]<\/p>","protected":false},"author":1,"featured_media":0,"parent":0,"menu_order":0,"comment_status":"closed","ping_status":"closed","template":"","meta":{"_monsterinsights_skip_tracking":false,"_monsterinsights_sitenote_active":false,"_monsterinsights_sitenote_note":"","_monsterinsights_sitenote_category":0,"site-sidebar-layout":"default","site-content-layout":"","ast-site-content-layout":"default","site-content-style":"default","site-sidebar-style":"default","ast-global-header-display":"","ast-banner-title-visibility":"","ast-main-header-display":"","ast-hfb-above-header-display":"","ast-hfb-below-header-display":"","ast-hfb-mobile-header-display":"","site-post-title":"","ast-breadcrumbs-content":"","ast-featured-img":"","footer-sml-layout":"","ast-disable-related-posts":"","theme-transparent-header-meta":"","adv-header-id-meta":"","stick-header-meta":"","header-above-stick-meta":"","header-main-stick-meta":"","header-below-stick-meta":"","astra-migrate-meta-layouts":"default","ast-page-background-enabled":"default","ast-page-background-meta":{"desktop":{"background-color":"","background-image":"","background-repeat":"repeat","background-position":"center center","background-size":"auto","background-attachment":"scroll","background-type":"","background-media":"","overlay-type":"","overlay-color":"","overlay-opacity":"","overlay-gradient":""},"tablet":{"background-color":"","background-image":"","background-repeat":"repeat","background-position":"center center","background-size":"auto","background-attachment":"scroll","background-type":"","background-media":"","overlay-type":"","overlay-color":"","overlay-opacity":"","overlay-gradient":""},"mobile":{"background-color":"","background-image":"","background-repeat":"repeat","background-position":"center center","background-size":"auto","background-attachment":"scroll","background-type":"","background-media":"","overlay-type":"","overlay-color":"","overlay-opacity":"","overlay-gradient":""}},"ast-content-background-meta":{"desktop":{"background-color":"var(--ast-global-color-5)","background-image":"","background-repeat":"repeat","background-position":"center center","background-size":"auto","background-attachment":"scroll","background-type":"","background-media":"","overlay-type":"","overlay-color":"","overlay-opacity":"","overlay-gradient":""},"tablet":{"background-color":"var(--ast-global-color-5)","background-image":"","background-repeat":"repeat","background-position":"center center","background-size":"auto","background-attachment":"scroll","background-type":"","background-media":"","overlay-type":"","overlay-color":"","overlay-opacity":"","overlay-gradient":""},"mobile":{"background-color":"var(--ast-global-color-5)","background-image":"","background-repeat":"repeat","background-position":"center center","background-size":"auto","background-attachment":"scroll","background-type":"","background-media":"","overlay-type":"","overlay-color":"","overlay-opacity":"","overlay-gradient":""}},"footnotes":""},"class_list":["post-2868","page","type-page","status-publish","hentry"],"yoast_head":"<!-- This site is optimized with the Yoast SEO plugin v27.5 - https:\/\/yoast.com\/product\/yoast-seo-wordpress\/ -->\n<title>Colora e gioca Natale - Crescita Educativa<\/title>\n<meta name=\"description\" content=\"Il periodo pi\u00f9 magico dell&#039;anno unito alla voglia dei bambini di crescere nelle abilit\u00e0 divertendosi. \u00c8 cos\u00ec che nasce il libro Colora Natale\" \/>\n<meta name=\"robots\" content=\"index, follow, max-snippet:-1, max-image-preview:large, max-video-preview:-1\" \/>\n<link rel=\"canonical\" href=\"http:\/\/crescitaeducativa.com\/en\/libri-2\/\" \/>\n<meta property=\"og:locale\" content=\"en_GB\" \/>\n<meta property=\"og:type\" content=\"article\" \/>\n<meta property=\"og:title\" content=\"Colora e gioca Natale - Crescita Educativa\" \/>\n<meta property=\"og:description\" content=\"Il periodo pi\u00f9 magico dell&#039;anno unito alla voglia dei bambini di crescere nelle abilit\u00e0 divertendosi. \u00c8 cos\u00ec che nasce il libro Colora Natale\" \/>\n<meta property=\"og:url\" content=\"http:\/\/crescitaeducativa.com\/en\/libri-2\/\" \/>\n<meta property=\"og:site_name\" content=\"Crescita Educativa\" \/>\n<meta property=\"article:publisher\" content=\"https:\/\/www.facebook.com\/profile.php?id=100071319623794\" \/>\n<meta property=\"article:modified_time\" content=\"2022-07-27T10:14:23+00:00\" \/>\n<meta property=\"og:image\" content=\"http:\/\/crescitaeducativa.com\/wp-content\/uploads\/2021\/11\/cover-natale-2-778x1024.jpg\" \/>\n<meta name=\"twitter:card\" content=\"summary_large_image\" \/>\n<meta name=\"twitter:label1\" content=\"Estimated reading time\" \/>\n\t<meta name=\"twitter:data1\" content=\"2 minutes\" \/>\n<script type=\"application\/ld+json\" class=\"yoast-schema-graph\">{\"@context\":\"https:\\\/\\\/schema.org\",\"@graph\":[{\"@type\":\"WebPage\",\"@id\":\"http:\\\/\\\/crescitaeducativa.com\\\/it_it\\\/libri-2\\\/\",\"url\":\"http:\\\/\\\/crescitaeducativa.com\\\/it_it\\\/libri-2\\\/\",\"name\":\"Colora e gioca Natale - Crescita Educativa\",\"isPartOf\":{\"@id\":\"http:\\\/\\\/crescitaeducativa.com\\\/it_it\\\/#website\"},\"primaryImageOfPage\":{\"@id\":\"http:\\\/\\\/crescitaeducativa.com\\\/it_it\\\/libri-2\\\/#primaryimage\"},\"image\":{\"@id\":\"http:\\\/\\\/crescitaeducativa.com\\\/it_it\\\/libri-2\\\/#primaryimage\"},\"thumbnailUrl\":\"http:\\\/\\\/crescitaeducativa.com\\\/wp-content\\\/uploads\\\/2021\\\/11\\\/cover-natale-2-778x1024.jpg\",\"datePublished\":\"2021-11-26T11:31:12+00:00\",\"dateModified\":\"2022-07-27T10:14:23+00:00\",\"description\":\"Il periodo pi\u00f9 magico dell'anno unito alla voglia dei bambini di crescere nelle abilit\u00e0 divertendosi. \u00c8 cos\u00ec che nasce il libro Colora Natale\",\"breadcrumb\":{\"@id\":\"http:\\\/\\\/crescitaeducativa.com\\\/it_it\\\/libri-2\\\/#breadcrumb\"},\"inLanguage\":\"en-GB\",\"potentialAction\":[{\"@type\":\"ReadAction\",\"target\":[\"http:\\\/\\\/crescitaeducativa.com\\\/it_it\\\/libri-2\\\/\"]}]},{\"@type\":\"ImageObject\",\"inLanguage\":\"en-GB\",\"@id\":\"http:\\\/\\\/crescitaeducativa.com\\\/it_it\\\/libri-2\\\/#primaryimage\",\"url\":\"http:\\\/\\\/crescitaeducativa.com\\\/wp-content\\\/uploads\\\/2021\\\/11\\\/cover-natale-2-778x1024.jpg\",\"contentUrl\":\"http:\\\/\\\/crescitaeducativa.com\\\/wp-content\\\/uploads\\\/2021\\\/11\\\/cover-natale-2-778x1024.jpg\"},{\"@type\":\"BreadcrumbList\",\"@id\":\"http:\\\/\\\/crescitaeducativa.com\\\/it_it\\\/libri-2\\\/#breadcrumb\",\"itemListElement\":[{\"@type\":\"ListItem\",\"position\":1,\"name\":\"Home\",\"item\":\"http:\\\/\\\/crescitaeducativa.com\\\/it_it\\\/\"},{\"@type\":\"ListItem\",\"position\":2,\"name\":\"Colora e gioca Natale\"}]},{\"@type\":\"WebSite\",\"@id\":\"http:\\\/\\\/crescitaeducativa.com\\\/it_it\\\/#website\",\"url\":\"http:\\\/\\\/crescitaeducativa.com\\\/it_it\\\/\",\"name\":\"Crescita Educativa\",\"description\":\"Strategie per un aiuto quotidiano\",\"publisher\":{\"@id\":\"http:\\\/\\\/crescitaeducativa.com\\\/it_it\\\/#\\\/schema\\\/person\\\/2caf1143147e626ad401aa3c9efb597f\"},\"potentialAction\":[{\"@type\":\"SearchAction\",\"target\":{\"@type\":\"EntryPoint\",\"urlTemplate\":\"http:\\\/\\\/crescitaeducativa.com\\\/it_it\\\/?s={search_term_string}\"},\"query-input\":{\"@type\":\"PropertyValueSpecification\",\"valueRequired\":true,\"valueName\":\"search_term_string\"}}],\"inLanguage\":\"en-GB\"},{\"@type\":[\"Person\",\"Organization\"],\"@id\":\"http:\\\/\\\/crescitaeducativa.com\\\/it_it\\\/#\\\/schema\\\/person\\\/2caf1143147e626ad401aa3c9efb597f\",\"name\":\"Daniele\",\"image\":{\"@type\":\"ImageObject\",\"inLanguage\":\"en-GB\",\"@id\":\"http:\\\/\\\/crescitaeducativa.com\\\/wp-content\\\/uploads\\\/2022\\\/06\\\/logo-finale-e1656349825223.png\",\"url\":\"http:\\\/\\\/crescitaeducativa.com\\\/wp-content\\\/uploads\\\/2022\\\/06\\\/logo-finale-e1656349825223.png\",\"contentUrl\":\"http:\\\/\\\/crescitaeducativa.com\\\/wp-content\\\/uploads\\\/2022\\\/06\\\/logo-finale-e1656349825223.png\",\"width\":340,\"height\":199,\"caption\":\"Daniele\"},\"logo\":{\"@id\":\"http:\\\/\\\/crescitaeducativa.com\\\/wp-content\\\/uploads\\\/2022\\\/06\\\/logo-finale-e1656349825223.png\"},\"sameAs\":[\"http:\\\/\\\/crescitaeducativa.com\\\/\",\"https:\\\/\\\/www.facebook.com\\\/profile.php?id=100071319623794\"]}]}<\/script>\n<!-- \/ Yoast SEO plugin. -->","yoast_head_json":{"title":"Colora e gioca Natale - Crescita Educativa","description":"Il periodo pi\u00f9 magico dell'anno unito alla voglia dei bambini di crescere nelle abilit\u00e0 divertendosi. \u00c8 cos\u00ec che nasce il libro Colora Natale","robots":{"index":"index","follow":"follow","max-snippet":"max-snippet:-1","max-image-preview":"max-image-preview:large","max-video-preview":"max-video-preview:-1"},"canonical":"http:\/\/crescitaeducativa.com\/en\/libri-2\/","og_locale":"en_GB","og_type":"article","og_title":"Colora e gioca Natale - Crescita Educativa","og_description":"Il periodo pi\u00f9 magico dell'anno unito alla voglia dei bambini di crescere nelle abilit\u00e0 divertendosi. \u00c8 cos\u00ec che nasce il libro Colora Natale","og_url":"http:\/\/crescitaeducativa.com\/en\/libri-2\/","og_site_name":"Crescita Educativa","article_publisher":"https:\/\/www.facebook.com\/profile.php?id=100071319623794","article_modified_time":"2022-07-27T10:14:23+00:00","og_image":[{"url":"http:\/\/crescitaeducativa.com\/wp-content\/uploads\/2021\/11\/cover-natale-2-778x1024.jpg","type":"","width":"","height":""}],"twitter_card":"summary_large_image","twitter_misc":{"Estimated reading time":"2 minutes"},"schema":{"@context":"https:\/\/schema.org","@graph":[{"@type":"WebPage","@id":"http:\/\/crescitaeducativa.com\/it_it\/libri-2\/","url":"http:\/\/crescitaeducativa.com\/it_it\/libri-2\/","name":"Colora e gioca Natale - Crescita Educativa","isPartOf":{"@id":"http:\/\/crescitaeducativa.com\/it_it\/#website"},"primaryImageOfPage":{"@id":"http:\/\/crescitaeducativa.com\/it_it\/libri-2\/#primaryimage"},"image":{"@id":"http:\/\/crescitaeducativa.com\/it_it\/libri-2\/#primaryimage"},"thumbnailUrl":"http:\/\/crescitaeducativa.com\/wp-content\/uploads\/2021\/11\/cover-natale-2-778x1024.jpg","datePublished":"2021-11-26T11:31:12+00:00","dateModified":"2022-07-27T10:14:23+00:00","description":"Il periodo pi\u00f9 magico dell'anno unito alla voglia dei bambini di crescere nelle abilit\u00e0 divertendosi. \u00c8 cos\u00ec che nasce il libro Colora Natale","breadcrumb":{"@id":"http:\/\/crescitaeducativa.com\/it_it\/libri-2\/#breadcrumb"},"inLanguage":"en-GB","potentialAction":[{"@type":"ReadAction","target":["http:\/\/crescitaeducativa.com\/it_it\/libri-2\/"]}]},{"@type":"ImageObject","inLanguage":"en-GB","@id":"http:\/\/crescitaeducativa.com\/it_it\/libri-2\/#primaryimage","url":"http:\/\/crescitaeducativa.com\/wp-content\/uploads\/2021\/11\/cover-natale-2-778x1024.jpg","contentUrl":"http:\/\/crescitaeducativa.com\/wp-content\/uploads\/2021\/11\/cover-natale-2-778x1024.jpg"},{"@type":"BreadcrumbList","@id":"http:\/\/crescitaeducativa.com\/it_it\/libri-2\/#breadcrumb","itemListElement":[{"@type":"ListItem","position":1,"name":"Home","item":"http:\/\/crescitaeducativa.com\/it_it\/"},{"@type":"ListItem","position":2,"name":"Colora e gioca Natale"}]},{"@type":"WebSite","@id":"http:\/\/crescitaeducativa.com\/it_it\/#website","url":"http:\/\/crescitaeducativa.com\/it_it\/","name":"Crescita Educativa","description":"Strategie per un aiuto quotidiano","publisher":{"@id":"http:\/\/crescitaeducativa.com\/it_it\/#\/schema\/person\/2caf1143147e626ad401aa3c9efb597f"},"potentialAction":[{"@type":"SearchAction","target":{"@type":"EntryPoint","urlTemplate":"http:\/\/crescitaeducativa.com\/it_it\/?s={search_term_string}"},"query-input":{"@type":"PropertyValueSpecification","valueRequired":true,"valueName":"search_term_string"}}],"inLanguage":"en-GB"},{"@type":["Person","Organization"],"@id":"http:\/\/crescitaeducativa.com\/it_it\/#\/schema\/person\/2caf1143147e626ad401aa3c9efb597f","name":"Daniele","image":{"@type":"ImageObject","inLanguage":"en-GB","@id":"http:\/\/crescitaeducativa.com\/wp-content\/uploads\/2022\/06\/logo-finale-e1656349825223.png","url":"http:\/\/crescitaeducativa.com\/wp-content\/uploads\/2022\/06\/logo-finale-e1656349825223.png","contentUrl":"http:\/\/crescitaeducativa.com\/wp-content\/uploads\/2022\/06\/logo-finale-e1656349825223.png","width":340,"height":199,"caption":"Daniele"},"logo":{"@id":"http:\/\/crescitaeducativa.com\/wp-content\/uploads\/2022\/06\/logo-finale-e1656349825223.png"},"sameAs":["http:\/\/crescitaeducativa.com\/","https:\/\/www.facebook.com\/profile.php?id=100071319623794"]}]}},"_links":{"self":[{"href":"https:\/\/crescitaeducativa.com\/en\/wp-json\/wp\/v2\/pages\/2868","targetHints":{"allow":["GET"]}}],"collection":[{"href":"https:\/\/crescitaeducativa.com\/en\/wp-json\/wp\/v2\/pages"}],"about":[{"href":"https:\/\/crescitaeducativa.com\/en\/wp-json\/wp\/v2\/types\/page"}],"author":[{"embeddable":true,"href":"https:\/\/crescitaeducativa.com\/en\/wp-json\/wp\/v2\/users\/1"}],"replies":[{"embeddable":true,"href":"https:\/\/crescitaeducativa.com\/en\/wp-json\/wp\/v2\/comments?post=2868"}],"version-history":[{"count":23,"href":"https:\/\/crescitaeducativa.com\/en\/wp-json\/wp\/v2\/pages\/2868\/revisions"}],"predecessor-version":[{"id":4710,"href":"https:\/\/crescitaeducativa.com\/en\/wp-json\/wp\/v2\/pages\/2868\/revisions\/4710"}],"wp:attachment":[{"href":"https:\/\/crescitaeducativa.com\/en\/wp-json\/wp\/v2\/media?parent=2868"}],"curies":[{"name":"wp","href":"https:\/\/api.w.org\/{rel}","templated":true}]}}