{"id":2869,"date":"2021-11-26T11:31:12","date_gmt":"2021-11-26T11:31:12","guid":{"rendered":"http:\/\/crescitaeducativa.com\/?page_id=2869"},"modified":"2021-11-29T09:10:11","modified_gmt":"2021-11-29T09:10:11","slug":"letterina","status":"publish","type":"page","link":"https:\/\/crescitaeducativa.com\/it_it\/letterina\/","title":{"rendered":"La letterina di Natale \u270e"},"content":{"rendered":"\n<p id=\"block-1f0520bf-2fed-4749-b591-ca04a9a42735\"><br>Nel compilare la letterina di Babbo Natale ricordate i due punti fondamentali da trattare:<\/p>\n\n\n\n<ul class=\"wp-block-list\" id=\"block-b025edfd-33c2-406d-bfb6-e9137065a6c0\"><li>menzionare di essere stati buoni nell&#8217;arco dell&#8217;anno<\/li><li>la lista dei regali<ul><li>un regalo se questo verr\u00e0 recapitato solo a casa di mamma e pap\u00e0<\/li><li>pi\u00f9 di uno se Babbo Natale far\u00e0 visita anche alla Nonna e\/o zia<\/li><\/ul><\/li><\/ul>\n\n\n\n<p>Scarica gratis la tua letterina formato A4<\/p>\n\n\n\n<div class=\"wp-block-columns is-layout-flex wp-container-core-columns-is-layout-28f84493 wp-block-columns-is-layout-flex\">\n<div class=\"wp-block-column is-layout-flow wp-block-column-is-layout-flow\"><a href=\"https:\/\/crescitaeducativa.com\/wp-content\/uploads\/2021\/11\/letterina-di-Babbo-Natale-1-2.pdf\" class=\"pdfemb-viewer\" style=\"\" data-width=\"max\" data-height=\"max\" data-toolbar=\"bottom\" data-toolbar-fixed=\"off\">letterina-di-Babbo-Natale-1-2<\/a>\n<p class=\"wp-block-pdfemb-pdf-embedder-viewer\"><\/p>\n\n\n\n<div class=\"wp-block-file\"><a href=\"http:\/\/crescitaeducativa.com\/wp-content\/uploads\/2021\/11\/letterina-di-Babbo-Natale-1-2.pdf\">stampa la letterina 1<\/a><a href=\"http:\/\/crescitaeducativa.com\/wp-content\/uploads\/2021\/11\/letterina-di-Babbo-Natale-1-2.pdf\" class=\"wp-block-file__button\" download>Download<\/a><\/div>\n<\/div>\n\n\n\n<div class=\"wp-block-column is-layout-flow wp-block-column-is-layout-flow\"><a href=\"https:\/\/crescitaeducativa.com\/wp-content\/uploads\/2021\/11\/letterina-di-Babbo-Natale-2-3.pdf\" class=\"pdfemb-viewer\" style=\"\" data-width=\"max\" data-height=\"max\" data-toolbar=\"bottom\" data-toolbar-fixed=\"off\">letterina-di-Babbo-Natale-2-3<\/a>\n<p class=\"wp-block-pdfemb-pdf-embedder-viewer\"><\/p>\n\n\n\n<div class=\"wp-block-file\"><a href=\"http:\/\/crescitaeducativa.com\/wp-content\/uploads\/2021\/11\/letterina-di-Babbo-Natale-2-3.pdf\">stampa la letterina 2<\/a><a href=\"http:\/\/crescitaeducativa.com\/wp-content\/uploads\/2021\/11\/letterina-di-Babbo-Natale-2-3.pdf\" class=\"wp-block-file__button\" download>Download<\/a><\/div>\n<\/div>\n\n\n\n<div class=\"wp-block-column is-layout-flow wp-block-column-is-layout-flow\"><a href=\"https:\/\/crescitaeducativa.com\/wp-content\/uploads\/2021\/11\/letterina-di-Babbo-Natale-3-2.pdf\" class=\"pdfemb-viewer\" style=\"\" data-width=\"max\" data-height=\"max\" data-toolbar=\"bottom\" data-toolbar-fixed=\"off\">letterina-di-Babbo-Natale-3-2<\/a>\n<p class=\"wp-block-pdfemb-pdf-embedder-viewer\"><\/p>\n\n\n\n<div class=\"wp-block-file\"><a href=\"http:\/\/crescitaeducativa.com\/wp-content\/uploads\/2021\/11\/letterina-di-Babbo-Natale-3-3.pdf\">stampa la letterina 3<\/a><a href=\"http:\/\/crescitaeducativa.com\/wp-content\/uploads\/2021\/11\/letterina-di-Babbo-Natale-3-3.pdf\" class=\"wp-block-file__button\" download>Download<\/a><\/div>\n<\/div>\n<\/div>\n\n\n\n<div class=\"wp-block-columns is-layout-flex wp-container-core-columns-is-layout-28f84493 wp-block-columns-is-layout-flex\">\n<div class=\"wp-block-column is-layout-flow wp-block-column-is-layout-flow\">\n<p> Scarica gratis la risposta di Babbo Natale alla letterina di vostro figlio, sar\u00e0 una sorpresa inaspettata e una conferma che Babbo Natale ha ricevuto la lista dei regali desiderati. <\/p>\n<\/div>\n<\/div>\n\n\n\n<div class=\"wp-block-columns is-layout-flex wp-container-core-columns-is-layout-28f84493 wp-block-columns-is-layout-flex\">\n<div class=\"wp-block-column is-layout-flow wp-block-column-is-layout-flow\"><a href=\"https:\/\/crescitaeducativa.com\/wp-content\/uploads\/2021\/11\/letterina-di-babbo-natale-1-2.pdf\" class=\"pdfemb-viewer\" style=\"\" data-width=\"max\" data-height=\"max\" data-toolbar=\"bottom\" data-toolbar-fixed=\"off\">letterina-di-babbo-natale-1-2<\/a>\n<p class=\"wp-block-pdfemb-pdf-embedder-viewer\"><\/p>\n\n\n\n<div class=\"wp-block-file\"><a href=\"http:\/\/crescitaeducativa.com\/wp-content\/uploads\/2021\/11\/Risposta-di-Babbo-Natale-1-1.pdf\">Risposta di Babbo Natale 1<\/a><a href=\"http:\/\/crescitaeducativa.com\/wp-content\/uploads\/2021\/11\/Risposta-di-Babbo-Natale-1-1.pdf\" class=\"wp-block-file__button\" download>Download<\/a><\/div>\n<\/div>\n\n\n\n<div class=\"wp-block-column is-layout-flow wp-block-column-is-layout-flow\"><a href=\"https:\/\/crescitaeducativa.com\/wp-content\/uploads\/2021\/11\/Risposta-di-Babbo-Natale-2-1.pdf\" class=\"pdfemb-viewer\" style=\"\" data-width=\"max\" data-height=\"max\" data-toolbar=\"bottom\" data-toolbar-fixed=\"off\">Risposta-di-Babbo-Natale-2-1<\/a>\n<p class=\"wp-block-pdfemb-pdf-embedder-viewer\"><\/p>\n\n\n\n<div class=\"wp-block-file\"><a href=\"http:\/\/crescitaeducativa.com\/wp-content\/uploads\/2021\/11\/Risposta-di-Babbo-Natale-2-1.pdf\">Risposta di Babbo Natale 2<\/a><a href=\"http:\/\/crescitaeducativa.com\/wp-content\/uploads\/2021\/11\/Risposta-di-Babbo-Natale-2-1.pdf\" class=\"wp-block-file__button\" download>Download<\/a><\/div>\n<\/div>\n\n\n\n<div class=\"wp-block-column is-layout-flow wp-block-column-is-layout-flow\"><a href=\"https:\/\/crescitaeducativa.com\/wp-content\/uploads\/2021\/11\/Risposta-di-Babbo-Natale-3-1.pdf\" class=\"pdfemb-viewer\" style=\"\" data-width=\"max\" data-height=\"max\" data-toolbar=\"bottom\" data-toolbar-fixed=\"off\">Risposta-di-Babbo-Natale-3-1<\/a>\n<p class=\"wp-block-pdfemb-pdf-embedder-viewer\"><\/p>\n\n\n\n<div class=\"wp-block-file\"><a href=\"http:\/\/crescitaeducativa.com\/wp-content\/uploads\/2021\/11\/Risposta-di-Babbo-Natale-3-1.pdf\">Risposta di Babbo Natale 3<\/a><a href=\"http:\/\/crescitaeducativa.com\/wp-content\/uploads\/2021\/11\/Risposta-di-Babbo-Natale-3-1.pdf\" class=\"wp-block-file__button\" download>Download<\/a><\/div>\n<\/div>\n<\/div>\n\n\n\n<p><strong><span style=\"color:#f80000\" class=\"has-inline-color\">ATTENZIONE! Queste letterine sono ad uso della sola felicit\u00e0 di vostro figlio, \u00e8 vietato ogni altro tipo di uso o riproduzione.<\/span><\/strong><\/p>\n","protected":false},"excerpt":{"rendered":"<p>Nel compilare la letterina di Babbo Natale ricordate i due punti fondamentali da trattare: menzionare di essere stati buoni nell&#8217;arco dell&#8217;anno la lista dei regali un regalo se questo verr\u00e0 recapitato solo a casa di mamma e pap\u00e0 pi\u00f9 di uno se Babbo Natale far\u00e0 visita anche alla Nonna e\/o zia Scarica gratis la tua [&hellip;]<\/p>\n","protected":false},"author":1,"featured_media":0,"parent":0,"menu_order":0,"comment_status":"closed","ping_status":"closed","template":"","meta":{"_monsterinsights_skip_tracking":false,"_monsterinsights_sitenote_active":false,"_monsterinsights_sitenote_note":"","_monsterinsights_sitenote_category":0,"site-sidebar-layout":"default","site-content-layout":"","ast-site-content-layout":"default","site-content-style":"default","site-sidebar-style":"default","ast-global-header-display":"","ast-banner-title-visibility":"","ast-main-header-display":"","ast-hfb-above-header-display":"","ast-hfb-below-header-display":"","ast-hfb-mobile-header-display":"","site-post-title":"","ast-breadcrumbs-content":"","ast-featured-img":"","footer-sml-layout":"","ast-disable-related-posts":"","theme-transparent-header-meta":"","adv-header-id-meta":"","stick-header-meta":"","header-above-stick-meta":"","header-main-stick-meta":"","header-below-stick-meta":"","astra-migrate-meta-layouts":"default","ast-page-background-enabled":"default","ast-page-background-meta":{"desktop":{"background-color":"","background-image":"","background-repeat":"repeat","background-position":"center center","background-size":"auto","background-attachment":"scroll","background-type":"","background-media":"","overlay-type":"","overlay-color":"","overlay-opacity":"","overlay-gradient":""},"tablet":{"background-color":"","background-image":"","background-repeat":"repeat","background-position":"center center","background-size":"auto","background-attachment":"scroll","background-type":"","background-media":"","overlay-type":"","overlay-color":"","overlay-opacity":"","overlay-gradient":""},"mobile":{"background-color":"","background-image":"","background-repeat":"repeat","background-position":"center center","background-size":"auto","background-attachment":"scroll","background-type":"","background-media":"","overlay-type":"","overlay-color":"","overlay-opacity":"","overlay-gradient":""}},"ast-content-background-meta":{"desktop":{"background-color":"var(--ast-global-color-5)","background-image":"","background-repeat":"repeat","background-position":"center center","background-size":"auto","background-attachment":"scroll","background-type":"","background-media":"","overlay-type":"","overlay-color":"","overlay-opacity":"","overlay-gradient":""},"tablet":{"background-color":"var(--ast-global-color-5)","background-image":"","background-repeat":"repeat","background-position":"center center","background-size":"auto","background-attachment":"scroll","background-type":"","background-media":"","overlay-type":"","overlay-color":"","overlay-opacity":"","overlay-gradient":""},"mobile":{"background-color":"var(--ast-global-color-5)","background-image":"","background-repeat":"repeat","background-position":"center center","background-size":"auto","background-attachment":"scroll","background-type":"","background-media":"","overlay-type":"","overlay-color":"","overlay-opacity":"","overlay-gradient":""}},"footnotes":""},"class_list":["post-2869","page","type-page","status-publish","hentry"],"yoast_head":"<!-- This site is optimized with the Yoast SEO plugin v27.4 - https:\/\/yoast.com\/product\/yoast-seo-wordpress\/ -->\n<title>La letterina di Natale \u270e - Crescita Educativa<\/title>\n<meta name=\"robots\" content=\"index, follow, max-snippet:-1, max-image-preview:large, max-video-preview:-1\" \/>\n<link rel=\"canonical\" href=\"http:\/\/crescitaeducativa.com\/it_it\/letterina\/\" \/>\n<meta property=\"og:locale\" content=\"it_IT\" \/>\n<meta property=\"og:type\" content=\"article\" \/>\n<meta property=\"og:title\" content=\"La letterina di Natale \u270e - Crescita Educativa\" \/>\n<meta property=\"og:description\" content=\"Nel compilare la letterina di Babbo Natale ricordate i due punti fondamentali da trattare: menzionare di essere stati buoni nell&#8217;arco dell&#8217;anno la lista dei regali un regalo se questo verr\u00e0 recapitato solo a casa di mamma e pap\u00e0 pi\u00f9 di uno se Babbo Natale far\u00e0 visita anche alla Nonna e\/o zia Scarica gratis la tua [&hellip;]\" \/>\n<meta property=\"og:url\" content=\"http:\/\/crescitaeducativa.com\/it_it\/letterina\/\" \/>\n<meta property=\"og:site_name\" content=\"Crescita Educativa\" \/>\n<meta property=\"article:publisher\" content=\"https:\/\/www.facebook.com\/profile.php?id=100071319623794\" \/>\n<meta property=\"article:modified_time\" content=\"2021-11-29T09:10:11+00:00\" \/>\n<meta name=\"twitter:card\" content=\"summary_large_image\" \/>\n<meta name=\"twitter:label1\" content=\"Tempo di lettura stimato\" \/>\n\t<meta name=\"twitter:data1\" content=\"1 minuto\" \/>\n<script type=\"application\/ld+json\" class=\"yoast-schema-graph\">{\"@context\":\"https:\\\/\\\/schema.org\",\"@graph\":[{\"@type\":\"WebPage\",\"@id\":\"http:\\\/\\\/crescitaeducativa.com\\\/it_it\\\/letterina\\\/\",\"url\":\"http:\\\/\\\/crescitaeducativa.com\\\/it_it\\\/letterina\\\/\",\"name\":\"La letterina di Natale \u270e - Crescita Educativa\",\"isPartOf\":{\"@id\":\"http:\\\/\\\/crescitaeducativa.com\\\/it_it\\\/#website\"},\"datePublished\":\"2021-11-26T11:31:12+00:00\",\"dateModified\":\"2021-11-29T09:10:11+00:00\",\"breadcrumb\":{\"@id\":\"http:\\\/\\\/crescitaeducativa.com\\\/it_it\\\/letterina\\\/#breadcrumb\"},\"inLanguage\":\"it-IT\",\"potentialAction\":[{\"@type\":\"ReadAction\",\"target\":[\"http:\\\/\\\/crescitaeducativa.com\\\/it_it\\\/letterina\\\/\"]}]},{\"@type\":\"BreadcrumbList\",\"@id\":\"http:\\\/\\\/crescitaeducativa.com\\\/it_it\\\/letterina\\\/#breadcrumb\",\"itemListElement\":[{\"@type\":\"ListItem\",\"position\":1,\"name\":\"Home\",\"item\":\"http:\\\/\\\/crescitaeducativa.com\\\/it_it\\\/\"},{\"@type\":\"ListItem\",\"position\":2,\"name\":\"La letterina di Natale \u270e\"}]},{\"@type\":\"WebSite\",\"@id\":\"http:\\\/\\\/crescitaeducativa.com\\\/it_it\\\/#website\",\"url\":\"http:\\\/\\\/crescitaeducativa.com\\\/it_it\\\/\",\"name\":\"Crescita Educativa\",\"description\":\"Strategie per un aiuto quotidiano\",\"publisher\":{\"@id\":\"http:\\\/\\\/crescitaeducativa.com\\\/it_it\\\/#\\\/schema\\\/person\\\/2caf1143147e626ad401aa3c9efb597f\"},\"potentialAction\":[{\"@type\":\"SearchAction\",\"target\":{\"@type\":\"EntryPoint\",\"urlTemplate\":\"http:\\\/\\\/crescitaeducativa.com\\\/it_it\\\/?s={search_term_string}\"},\"query-input\":{\"@type\":\"PropertyValueSpecification\",\"valueRequired\":true,\"valueName\":\"search_term_string\"}}],\"inLanguage\":\"it-IT\"},{\"@type\":[\"Person\",\"Organization\"],\"@id\":\"http:\\\/\\\/crescitaeducativa.com\\\/it_it\\\/#\\\/schema\\\/person\\\/2caf1143147e626ad401aa3c9efb597f\",\"name\":\"Daniele\",\"image\":{\"@type\":\"ImageObject\",\"inLanguage\":\"it-IT\",\"@id\":\"http:\\\/\\\/crescitaeducativa.com\\\/wp-content\\\/uploads\\\/2022\\\/06\\\/logo-finale-e1656349825223.png\",\"url\":\"http:\\\/\\\/crescitaeducativa.com\\\/wp-content\\\/uploads\\\/2022\\\/06\\\/logo-finale-e1656349825223.png\",\"contentUrl\":\"http:\\\/\\\/crescitaeducativa.com\\\/wp-content\\\/uploads\\\/2022\\\/06\\\/logo-finale-e1656349825223.png\",\"width\":340,\"height\":199,\"caption\":\"Daniele\"},\"logo\":{\"@id\":\"http:\\\/\\\/crescitaeducativa.com\\\/wp-content\\\/uploads\\\/2022\\\/06\\\/logo-finale-e1656349825223.png\"},\"sameAs\":[\"http:\\\/\\\/crescitaeducativa.com\\\/\",\"https:\\\/\\\/www.facebook.com\\\/profile.php?id=100071319623794\"]}]}<\/script>\n<!-- \/ Yoast SEO plugin. -->","yoast_head_json":{"title":"La letterina di Natale \u270e - Crescita Educativa","robots":{"index":"index","follow":"follow","max-snippet":"max-snippet:-1","max-image-preview":"max-image-preview:large","max-video-preview":"max-video-preview:-1"},"canonical":"http:\/\/crescitaeducativa.com\/it_it\/letterina\/","og_locale":"it_IT","og_type":"article","og_title":"La letterina di Natale \u270e - Crescita Educativa","og_description":"Nel compilare la letterina di Babbo Natale ricordate i due punti fondamentali da trattare: menzionare di essere stati buoni nell&#8217;arco dell&#8217;anno la lista dei regali un regalo se questo verr\u00e0 recapitato solo a casa di mamma e pap\u00e0 pi\u00f9 di uno se Babbo Natale far\u00e0 visita anche alla Nonna e\/o zia Scarica gratis la tua [&hellip;]","og_url":"http:\/\/crescitaeducativa.com\/it_it\/letterina\/","og_site_name":"Crescita Educativa","article_publisher":"https:\/\/www.facebook.com\/profile.php?id=100071319623794","article_modified_time":"2021-11-29T09:10:11+00:00","twitter_card":"summary_large_image","twitter_misc":{"Tempo di lettura stimato":"1 minuto"},"schema":{"@context":"https:\/\/schema.org","@graph":[{"@type":"WebPage","@id":"http:\/\/crescitaeducativa.com\/it_it\/letterina\/","url":"http:\/\/crescitaeducativa.com\/it_it\/letterina\/","name":"La letterina di Natale \u270e - Crescita Educativa","isPartOf":{"@id":"http:\/\/crescitaeducativa.com\/it_it\/#website"},"datePublished":"2021-11-26T11:31:12+00:00","dateModified":"2021-11-29T09:10:11+00:00","breadcrumb":{"@id":"http:\/\/crescitaeducativa.com\/it_it\/letterina\/#breadcrumb"},"inLanguage":"it-IT","potentialAction":[{"@type":"ReadAction","target":["http:\/\/crescitaeducativa.com\/it_it\/letterina\/"]}]},{"@type":"BreadcrumbList","@id":"http:\/\/crescitaeducativa.com\/it_it\/letterina\/#breadcrumb","itemListElement":[{"@type":"ListItem","position":1,"name":"Home","item":"http:\/\/crescitaeducativa.com\/it_it\/"},{"@type":"ListItem","position":2,"name":"La letterina di Natale \u270e"}]},{"@type":"WebSite","@id":"http:\/\/crescitaeducativa.com\/it_it\/#website","url":"http:\/\/crescitaeducativa.com\/it_it\/","name":"Crescita Educativa","description":"Strategie per un aiuto quotidiano","publisher":{"@id":"http:\/\/crescitaeducativa.com\/it_it\/#\/schema\/person\/2caf1143147e626ad401aa3c9efb597f"},"potentialAction":[{"@type":"SearchAction","target":{"@type":"EntryPoint","urlTemplate":"http:\/\/crescitaeducativa.com\/it_it\/?s={search_term_string}"},"query-input":{"@type":"PropertyValueSpecification","valueRequired":true,"valueName":"search_term_string"}}],"inLanguage":"it-IT"},{"@type":["Person","Organization"],"@id":"http:\/\/crescitaeducativa.com\/it_it\/#\/schema\/person\/2caf1143147e626ad401aa3c9efb597f","name":"Daniele","image":{"@type":"ImageObject","inLanguage":"it-IT","@id":"http:\/\/crescitaeducativa.com\/wp-content\/uploads\/2022\/06\/logo-finale-e1656349825223.png","url":"http:\/\/crescitaeducativa.com\/wp-content\/uploads\/2022\/06\/logo-finale-e1656349825223.png","contentUrl":"http:\/\/crescitaeducativa.com\/wp-content\/uploads\/2022\/06\/logo-finale-e1656349825223.png","width":340,"height":199,"caption":"Daniele"},"logo":{"@id":"http:\/\/crescitaeducativa.com\/wp-content\/uploads\/2022\/06\/logo-finale-e1656349825223.png"},"sameAs":["http:\/\/crescitaeducativa.com\/","https:\/\/www.facebook.com\/profile.php?id=100071319623794"]}]}},"_links":{"self":[{"href":"https:\/\/crescitaeducativa.com\/it_it\/wp-json\/wp\/v2\/pages\/2869","targetHints":{"allow":["GET"]}}],"collection":[{"href":"https:\/\/crescitaeducativa.com\/it_it\/wp-json\/wp\/v2\/pages"}],"about":[{"href":"https:\/\/crescitaeducativa.com\/it_it\/wp-json\/wp\/v2\/types\/page"}],"author":[{"embeddable":true,"href":"https:\/\/crescitaeducativa.com\/it_it\/wp-json\/wp\/v2\/users\/1"}],"replies":[{"embeddable":true,"href":"https:\/\/crescitaeducativa.com\/it_it\/wp-json\/wp\/v2\/comments?post=2869"}],"version-history":[{"count":20,"href":"https:\/\/crescitaeducativa.com\/it_it\/wp-json\/wp\/v2\/pages\/2869\/revisions"}],"predecessor-version":[{"id":3004,"href":"https:\/\/crescitaeducativa.com\/it_it\/wp-json\/wp\/v2\/pages\/2869\/revisions\/3004"}],"wp:attachment":[{"href":"https:\/\/crescitaeducativa.com\/it_it\/wp-json\/wp\/v2\/media?parent=2869"}],"curies":[{"name":"wp","href":"https:\/\/api.w.org\/{rel}","templated":true}]}}